{"id":2821,"date":"2022-09-07T15:29:34","date_gmt":"2022-09-07T15:29:34","guid":{"rendered":"https:\/\/www.voracys.com\/aviso-legal\/"},"modified":"2026-04-07T11:06:37","modified_gmt":"2026-04-07T11:06:37","slug":"aviso-legal","status":"publish","type":"page","link":"https:\/\/www.voracys.com\/en\/aviso-legal\/","title":{"rendered":"Legal warning"},"content":{"rendered":"<div data-elementor-type=\"wp-page\" data-elementor-id=\"2821\" class=\"elementor elementor-2821\" data-elementor-post-type=\"page\">\n\t\t\t\t\t\t<section class=\"elementor-section elementor-top-section elementor-element elementor-element-44cad65d elementor-section-boxed elementor-section-height-default elementor-section-height-default\" data-id=\"44cad65d\" data-element_type=\"section\" data-e-type=\"section\">\n\t\t\t\t\t\t<div class=\"elementor-container elementor-column-gap-default\">\n\t\t\t\t\t<div class=\"elementor-column elementor-col-100 elementor-top-column elementor-element elementor-element-48843107\" data-id=\"48843107\" data-element_type=\"column\" data-e-type=\"column\">\n\t\t\t<div class=\"elementor-widget-wrap elementor-element-populated\">\n\t\t\t\t\t\t<div class=\"elementor-element elementor-element-57350acd elementor-widget elementor-widget-text-editor\" data-id=\"57350acd\" data-element_type=\"widget\" data-e-type=\"widget\" data-widget_type=\"text-editor.default\">\n\t\t\t\t<div class=\"elementor-widget-container\">\n\t\t\t\t\t\t\t\t\t\n<p class=\"p1\">En cumplimiento con el deber de informaci\u00f3n recogido en el art\u00edculo 10 de la Ley 34\/2002, de 11 de julio, de Servicios de la Sociedad de la Informaci\u00f3n y de Comercio Electr\u00f3nico (LSSI-CE), se informa que el presente sitio web, www.voracys.com (en adelante, el \u201cSitio Web\u201d), es titularidad de:<\/p>\n<p class=\"p1\"><b>Titular:<\/b> VORACYS, S.L.<\/p>\n<p class=\"p1\"><b>NIF:<\/b> B65699092<\/p>\n<p class=\"p1\"><b>Domicilio Social:<\/b> Avenida Cerdanyola 98, Esc. A, 5\u00aa planta, 08173 Sant Cugat del Vall\u00e8s (Barcelona), Espa\u00f1a<\/p>\n<p class=\"p1\"><b>Correo electr\u00f3nico de contacto:<\/b> <a href=\"mailto:info@voracys.com\"><span class=\"s1\">info@voracys.com<\/span><\/a><\/p>\n<p class=\"p1\"><b>Datos registrales:<\/b> Inscrita en el Registro Mercantil de Barcelona, Tomo 43070, Folio 81, Hoja B-420628, Inscripci\u00f3n 1\u00aa.<\/p>\n<p class=\"p1\"><b>Condiciones de uso<\/b><\/p>\n<p class=\"p1\">El acceso y uso del Sitio Web atribuye la condici\u00f3n de usuario e implica la aceptaci\u00f3n plena y sin reservas de las condiciones aqu\u00ed expuestas.<\/p>\n<p class=\"p1\">El usuario se compromete a utilizar el sitio web conforme a la ley, la buena fe y el orden p\u00fablico.<\/p>\n<p class=\"p1\"><b>Propiedad intelectual e industrial<\/b><\/p>\n<p class=\"p1\">Todos los contenidos del Sitio Web (textos, im\u00e1genes, dise\u00f1o, c\u00f3digo fuente, logotipos, etc.) son titularidad de VORACYS, S.L. o cuentan con licencia, estando protegidos por la normativa vigente.<\/p>\n<p class=\"p1\"><b>Responsabilidad<\/b><\/p>\n<p class=\"p1\">VORACYS, S.L. no se responsabiliza de los da\u00f1os derivados del uso indebido del sitio web ni de interrupciones t\u00e9cnicas ajenas a su control.<\/p>\n<p class=\"p1\"><b>Legislaci\u00f3n aplicable<\/b><\/p>\n<p class=\"p1\">La relaci\u00f3n entre el usuario y VORACYS se regir\u00e1 por la legislaci\u00f3n espa\u00f1ola. Las partes se someten a los Juzgados y Tribunales de Barcelona.<\/p>\n\t\t\t\t\t\t\t\t<\/div>\n\t\t\t\t<\/div>\n\t\t\t\t\t<\/div>\n\t\t<\/div>\n\t\t\t\t\t<\/div>\n\t\t<\/section>\n\t\t\t\t<\/div>","protected":false},"excerpt":{"rendered":"<p>En cumplimiento con el deber de informaci\u00f3n recogido en el art\u00edculo 10 de la Ley 34\/2002, de 11 de julio, de Servicios de la Sociedad de la Informaci\u00f3n y de Comercio Electr\u00f3nico (LSSI-CE), se informa que el presente sitio web, www.voracys.com (en adelante, el \u201cSitio Web\u201d), es titularidad de: Titular: VORACYS, S.L. NIF: B65699092 Domicilio Social: Avenida Cerdanyola 98, Esc. A, 5\u00aa planta, 08173 Sant Cugat del Vall\u00e8s (Barcelona), Espa\u00f1a Correo electr\u00f3nico de contacto: info@voracys.com Datos registrales: Inscrita en el Registro Mercantil de Barcelona, Tomo 43070, Folio 81, Hoja B-420628, Inscripci\u00f3n 1\u00aa. Condiciones de uso El acceso y uso del Sitio Web atribuye la condici\u00f3n de usuario e implica la aceptaci\u00f3n plena y sin reservas de las condiciones aqu\u00ed expuestas. El usuario se compromete a utilizar el sitio web conforme a la ley, la buena fe y el orden p\u00fablico. Propiedad intelectual e industrial Todos los contenidos del Sitio Web (textos, im\u00e1genes, dise\u00f1o, c\u00f3digo fuente, logotipos, etc.) son titularidad de VORACYS, S.L. o cuentan con licencia, estando protegidos por la normativa vigente. Responsabilidad VORACYS, S.L. no se responsabiliza de los da\u00f1os derivados del uso indebido del sitio web ni de interrupciones t\u00e9cnicas ajenas a su control. Legislaci\u00f3n aplicable La relaci\u00f3n entre el usuario y VORACYS se regir\u00e1 por la legislaci\u00f3n espa\u00f1ola. Las partes se someten a los Juzgados y Tribunales de Barcelona.<\/p>","protected":false},"author":1,"featured_media":0,"parent":0,"menu_order":0,"comment_status":"closed","ping_status":"closed","template":"","meta":{"footnotes":""},"class_list":["post-2821","page","type-page","status-publish","hentry"],"yoast_head":"<!-- This site is optimized with the Yoast SEO plugin v27.2 - https:\/\/yoast.com\/product\/yoast-seo-wordpress\/ -->\n<title>Aviso Legal - VORACYS | Empresa Constructora | Obra P\u00fablica y Privada<\/title>\n<meta name=\"description\" content=\"Aviso legal de Voracys con informaci\u00f3n sobre titularidad, condiciones de uso del sitio web y responsabilidades legales.\" \/>\n<meta name=\"robots\" content=\"index, follow, max-snippet:-1, max-image-preview:large, max-video-preview:-1\" \/>\n<link rel=\"canonical\" href=\"https:\/\/www.voracys.com\/en\/aviso-legal\/\" \/>\n<meta property=\"og:locale\" content=\"en_GB\" \/>\n<meta property=\"og:type\" content=\"article\" \/>\n<meta property=\"og:title\" content=\"Aviso Legal - VORACYS | Empresa Constructora | Obra P\u00fablica y Privada\" \/>\n<meta property=\"og:description\" content=\"Aviso legal de Voracys con informaci\u00f3n sobre titularidad, condiciones de uso del sitio web y responsabilidades legales.\" \/>\n<meta property=\"og:url\" content=\"https:\/\/www.voracys.com\/en\/aviso-legal\/\" \/>\n<meta property=\"og:site_name\" content=\"VORACYS | Empresa Constructora | Obra P\u00fablica y Privada\" \/>\n<meta property=\"article:modified_time\" content=\"2026-04-07T11:06:37+00:00\" \/>\n<meta name=\"twitter:card\" content=\"summary_large_image\" \/>\n<meta name=\"twitter:label1\" content=\"Estimated reading time\" \/>\n\t<meta name=\"twitter:data1\" content=\"2 minutes\" \/>\n<script type=\"application\/ld+json\" class=\"yoast-schema-graph\">{\"@context\":\"https:\/\/schema.org\",\"@graph\":[{\"@type\":\"WebPage\",\"@id\":\"https:\/\/www.voracys.com\/aviso-legal\/\",\"url\":\"https:\/\/www.voracys.com\/aviso-legal\/\",\"name\":\"Aviso Legal - VORACYS | Empresa Constructora | Obra P\u00fablica y Privada\",\"isPartOf\":{\"@id\":\"https:\/\/www.voracys.com\/#website\"},\"datePublished\":\"2022-09-07T15:29:34+00:00\",\"dateModified\":\"2026-04-07T11:06:37+00:00\",\"description\":\"Aviso legal de Voracys con informaci\u00f3n sobre titularidad, condiciones de uso del sitio web y responsabilidades legales.\",\"breadcrumb\":{\"@id\":\"https:\/\/www.voracys.com\/aviso-legal\/#breadcrumb\"},\"inLanguage\":\"en-GB\",\"potentialAction\":[{\"@type\":\"ReadAction\",\"target\":[\"https:\/\/www.voracys.com\/aviso-legal\/\"]}]},{\"@type\":\"BreadcrumbList\",\"@id\":\"https:\/\/www.voracys.com\/aviso-legal\/#breadcrumb\",\"itemListElement\":[{\"@type\":\"ListItem\",\"position\":1,\"name\":\"Portada\",\"item\":\"https:\/\/www.voracys.com\/\"},{\"@type\":\"ListItem\",\"position\":2,\"name\":\"Aviso Legal\"}]},{\"@type\":\"WebSite\",\"@id\":\"https:\/\/www.voracys.com\/#website\",\"url\":\"https:\/\/www.voracys.com\/\",\"name\":\"VORACYS | Empresa Constructora | Obra P\u00fablica y Privada\",\"description\":\"Construcciones y servicios\",\"publisher\":{\"@id\":\"https:\/\/www.voracys.com\/#organization\"},\"alternateName\":\"VORACYS - Empresa Constructora\",\"potentialAction\":[{\"@type\":\"SearchAction\",\"target\":{\"@type\":\"EntryPoint\",\"urlTemplate\":\"https:\/\/www.voracys.com\/?s={search_term_string}\"},\"query-input\":{\"@type\":\"PropertyValueSpecification\",\"valueRequired\":true,\"valueName\":\"search_term_string\"}}],\"inLanguage\":\"en-GB\"},{\"@type\":\"Organization\",\"@id\":\"https:\/\/www.voracys.com\/#organization\",\"name\":\"VORACYS - Empresa Constructora\",\"alternateName\":\"VORACYS - Empresa de Construcci\u00f3n de Viviendas, Residencias, Oficinas, Plurifamiliar,\",\"url\":\"https:\/\/www.voracys.com\/\",\"logo\":{\"@type\":\"ImageObject\",\"inLanguage\":\"en-GB\",\"@id\":\"https:\/\/www.voracys.com\/#\/schema\/logo\/image\/\",\"url\":\"https:\/\/www.voracys.com\/wp-content\/uploads\/2022\/05\/Voracys_Logotipo.png\",\"contentUrl\":\"https:\/\/www.voracys.com\/wp-content\/uploads\/2022\/05\/Voracys_Logotipo.png\",\"width\":547,\"height\":97,\"caption\":\"VORACYS - Empresa Constructora\"},\"image\":{\"@id\":\"https:\/\/www.voracys.com\/#\/schema\/logo\/image\/\"},\"sameAs\":[\"https:\/\/www.linkedin.com\/company\/voracys-construcciones-y-servicios\/\",\"https:\/\/www.instagram.com\/voracys_s.l\"]}]}<\/script>\n<!-- \/ Yoast SEO plugin. -->","yoast_head_json":{"title":"Aviso Legal - VORACYS | Empresa Constructora | Obra P\u00fablica y Privada","description":"Aviso legal de Voracys con informaci\u00f3n sobre titularidad, condiciones de uso del sitio web y responsabilidades legales.","robots":{"index":"index","follow":"follow","max-snippet":"max-snippet:-1","max-image-preview":"max-image-preview:large","max-video-preview":"max-video-preview:-1"},"canonical":"https:\/\/www.voracys.com\/en\/aviso-legal\/","og_locale":"en_GB","og_type":"article","og_title":"Aviso Legal - VORACYS | Empresa Constructora | Obra P\u00fablica y Privada","og_description":"Aviso legal de Voracys con informaci\u00f3n sobre titularidad, condiciones de uso del sitio web y responsabilidades legales.","og_url":"https:\/\/www.voracys.com\/en\/aviso-legal\/","og_site_name":"VORACYS | Empresa Constructora | Obra P\u00fablica y Privada","article_modified_time":"2026-04-07T11:06:37+00:00","twitter_card":"summary_large_image","twitter_misc":{"Estimated reading time":"2 minutes"},"schema":{"@context":"https:\/\/schema.org","@graph":[{"@type":"WebPage","@id":"https:\/\/www.voracys.com\/aviso-legal\/","url":"https:\/\/www.voracys.com\/aviso-legal\/","name":"Aviso Legal - VORACYS | Empresa Constructora | Obra P\u00fablica y Privada","isPartOf":{"@id":"https:\/\/www.voracys.com\/#website"},"datePublished":"2022-09-07T15:29:34+00:00","dateModified":"2026-04-07T11:06:37+00:00","description":"Aviso legal de Voracys con informaci\u00f3n sobre titularidad, condiciones de uso del sitio web y responsabilidades legales.","breadcrumb":{"@id":"https:\/\/www.voracys.com\/aviso-legal\/#breadcrumb"},"inLanguage":"en-GB","potentialAction":[{"@type":"ReadAction","target":["https:\/\/www.voracys.com\/aviso-legal\/"]}]},{"@type":"BreadcrumbList","@id":"https:\/\/www.voracys.com\/aviso-legal\/#breadcrumb","itemListElement":[{"@type":"ListItem","position":1,"name":"Portada","item":"https:\/\/www.voracys.com\/"},{"@type":"ListItem","position":2,"name":"Aviso Legal"}]},{"@type":"WebSite","@id":"https:\/\/www.voracys.com\/#website","url":"https:\/\/www.voracys.com\/","name":"VORACYS | Empresa Constructora | Obra P\u00fablica y Privada","description":"Construcciones y servicios","publisher":{"@id":"https:\/\/www.voracys.com\/#organization"},"alternateName":"VORACYS - Empresa Constructora","potentialAction":[{"@type":"SearchAction","target":{"@type":"EntryPoint","urlTemplate":"https:\/\/www.voracys.com\/?s={search_term_string}"},"query-input":{"@type":"PropertyValueSpecification","valueRequired":true,"valueName":"search_term_string"}}],"inLanguage":"en-GB"},{"@type":"Organization","@id":"https:\/\/www.voracys.com\/#organization","name":"VORACYS - Empresa Constructora","alternateName":"VORACYS - Empresa de Construcci\u00f3n de Viviendas, Residencias, Oficinas, Plurifamiliar,","url":"https:\/\/www.voracys.com\/","logo":{"@type":"ImageObject","inLanguage":"en-GB","@id":"https:\/\/www.voracys.com\/#\/schema\/logo\/image\/","url":"https:\/\/www.voracys.com\/wp-content\/uploads\/2022\/05\/Voracys_Logotipo.png","contentUrl":"https:\/\/www.voracys.com\/wp-content\/uploads\/2022\/05\/Voracys_Logotipo.png","width":547,"height":97,"caption":"VORACYS - Empresa Constructora"},"image":{"@id":"https:\/\/www.voracys.com\/#\/schema\/logo\/image\/"},"sameAs":["https:\/\/www.linkedin.com\/company\/voracys-construcciones-y-servicios\/","https:\/\/www.instagram.com\/voracys_s.l"]}]}},"_links":{"self":[{"href":"https:\/\/www.voracys.com\/en\/wp-json\/wp\/v2\/pages\/2821","targetHints":{"allow":["GET"]}}],"collection":[{"href":"https:\/\/www.voracys.com\/en\/wp-json\/wp\/v2\/pages"}],"about":[{"href":"https:\/\/www.voracys.com\/en\/wp-json\/wp\/v2\/types\/page"}],"author":[{"embeddable":true,"href":"https:\/\/www.voracys.com\/en\/wp-json\/wp\/v2\/users\/1"}],"replies":[{"embeddable":true,"href":"https:\/\/www.voracys.com\/en\/wp-json\/wp\/v2\/comments?post=2821"}],"version-history":[{"count":10,"href":"https:\/\/www.voracys.com\/en\/wp-json\/wp\/v2\/pages\/2821\/revisions"}],"predecessor-version":[{"id":5160,"href":"https:\/\/www.voracys.com\/en\/wp-json\/wp\/v2\/pages\/2821\/revisions\/5160"}],"wp:attachment":[{"href":"https:\/\/www.voracys.com\/en\/wp-json\/wp\/v2\/media?parent=2821"}],"curies":[{"name":"wp","href":"https:\/\/api.w.org\/{rel}","templated":true}]}}