{"id":2822,"date":"2022-09-07T15:29:34","date_gmt":"2022-09-07T15:29:34","guid":{"rendered":"https:\/\/www.voracys.com\/politica-de-cookies\/"},"modified":"2026-04-07T11:07:47","modified_gmt":"2026-04-07T11:07:47","slug":"politica-de-cookies","status":"publish","type":"page","link":"https:\/\/www.voracys.com\/en\/politica-de-cookies\/","title":{"rendered":"Pol\u00edtica de Cookies"},"content":{"rendered":"<div data-elementor-type=\"wp-page\" data-elementor-id=\"2822\" class=\"elementor elementor-2822\" data-elementor-post-type=\"page\">\n\t\t\t\t\t\t<section class=\"elementor-section elementor-top-section elementor-element elementor-element-4ec2337b elementor-section-boxed elementor-section-height-default elementor-section-height-default\" data-id=\"4ec2337b\" data-element_type=\"section\" data-e-type=\"section\">\n\t\t\t\t\t\t<div class=\"elementor-container elementor-column-gap-default\">\n\t\t\t\t\t<div class=\"elementor-column elementor-col-100 elementor-top-column elementor-element elementor-element-407022c2\" data-id=\"407022c2\" data-element_type=\"column\" data-e-type=\"column\">\n\t\t\t<div class=\"elementor-widget-wrap elementor-element-populated\">\n\t\t\t\t\t\t<div class=\"elementor-element elementor-element-59fb7bec elementor-widget elementor-widget-text-editor\" data-id=\"59fb7bec\" data-element_type=\"widget\" data-e-type=\"widget\" data-widget_type=\"text-editor.default\">\n\t\t\t\t<div class=\"elementor-widget-container\">\n\t\t\t\t\t\t\t\t\t<p class=\"p1\"><b>\u00bfQu\u00e9 son las cookies?<\/b><\/p>\n<p class=\"p1\">Las cookies son peque\u00f1os archivos que se descargan en el dispositivo del usuario al acceder a determinadas p\u00e1ginas web. Permiten almacenar y recuperar informaci\u00f3n sobre los h\u00e1bitos de navegaci\u00f3n del usuario o de su equipo.<\/p>\n<p class=\"p1\"><b>Tipos de cookies utilizadas<\/b><\/p>\n<p class=\"p1\"><b>Cookies t\u00e9cnicas<\/b><\/p>\n<p class=\"p1\">Son necesarias para el funcionamiento del sitio web y permiten, por ejemplo, la navegaci\u00f3n y el uso de las diferentes funcionalidades del sitio.<\/p>\n<p class=\"p1\"><b>Cookies anal\u00edticas<\/b><\/p>\n<p class=\"p1\">Permiten cuantificar el n\u00famero de usuarios y realizar an\u00e1lisis estad\u00edsticos del uso que los usuarios hacen del sitio web.<\/p>\n<p class=\"p1\">Este Sitio Web utiliza <b>Google Analytics 4, servicio de anal\u00edtica web prestado por Google LLC<\/b>.<\/p>\n<p class=\"p1\">Google Analytics utiliza cookies para analizar el uso que hacen los usuarios del sitio web y elaborar informes sobre la actividad del mismo.<\/p>\n<p class=\"p1\">Con la funcionalidad <b>Google Signals<\/b> activada, Google Analytics puede recopilar informaci\u00f3n adicional de usuarios que han iniciado sesi\u00f3n en su cuenta de Google y tienen activada la personalizaci\u00f3n de anuncios. Esta funcionalidad permite obtener datos agregados sobre:<\/p>\n<ul class=\"ul1\">\n<li class=\"li1\">Datos demogr\u00e1ficos (edad aproximada y g\u00e9nero)<\/li>\n<li class=\"li1\">Intereses<\/li>\n<li class=\"li1\">Uso del sitio web desde diferentes dispositivos<\/li>\n<\/ul>\n<p class=\"p1\">Esta informaci\u00f3n se utiliza \u00fanicamente con fines estad\u00edsticos y de mejora del sitio web.<\/p>\n<p class=\"p1\">Google puede utilizar la informaci\u00f3n recopilada conforme a su propia pol\u00edtica de privacidad.<\/p>\n<p class=\"p2\"><span class=\"s2\"><strong>M<\/strong><b>\u00e1s informaci\u00f3n:<\/b><br \/><a href=\"https:\/\/policies.google.com\/privacy\"><span class=\"s3\">https:\/\/policies.google.com\/privacy<\/span><\/a><\/span><\/p>\n<p class=\"p1\"><b>Base jur\u00eddica<\/b><\/p>\n<p class=\"p1\">La utilizaci\u00f3n de cookies anal\u00edticas se basa en el consentimiento del usuario, otorgado a trav\u00e9s del banner de cookies al acceder al sitio web.<\/p>\n<p class=\"p1\"><b>Gesti\u00f3n de cookies<\/b><\/p>\n<p class=\"p1\">El usuario puede aceptar, rechazar o configurar el uso de cookies a trav\u00e9s del panel de configuraci\u00f3n habilitado al acceder al sitio web.<\/p>\n<p class=\"p1\">Asimismo, puede retirar su consentimiento en cualquier momento modificando la configuraci\u00f3n del panel de cookies o a trav\u00e9s de la configuraci\u00f3n de su navegador.<\/p>\t\t\t\t\t\t\t\t<\/div>\n\t\t\t\t<\/div>\n\t\t\t\t\t<\/div>\n\t\t<\/div>\n\t\t\t\t\t<\/div>\n\t\t<\/section>\n\t\t\t\t<\/div>","protected":false},"excerpt":{"rendered":"<p>\u00bfQu\u00e9 son las cookies? Las cookies son peque\u00f1os archivos que se descargan en el dispositivo del usuario al acceder a determinadas p\u00e1ginas web. Permiten almacenar y recuperar informaci\u00f3n sobre los h\u00e1bitos de navegaci\u00f3n del usuario o de su equipo. Tipos de cookies utilizadas Cookies t\u00e9cnicas Son necesarias para el funcionamiento del sitio web y permiten, por ejemplo, la navegaci\u00f3n y el uso de las diferentes funcionalidades del sitio. Cookies anal\u00edticas Permiten cuantificar el n\u00famero de usuarios y realizar an\u00e1lisis estad\u00edsticos del uso que los usuarios hacen del sitio web. Este Sitio Web utiliza Google Analytics 4, servicio de anal\u00edtica web prestado por Google LLC. Google Analytics utiliza cookies para analizar el uso que hacen los usuarios del sitio web y elaborar informes sobre la actividad del mismo. Con la funcionalidad Google Signals activada, Google Analytics puede recopilar informaci\u00f3n adicional de usuarios que han iniciado sesi\u00f3n en su cuenta de Google y tienen activada la personalizaci\u00f3n de anuncios. Esta funcionalidad permite obtener datos agregados sobre: Datos demogr\u00e1ficos (edad aproximada y g\u00e9nero) Intereses Uso del sitio web desde diferentes dispositivos Esta informaci\u00f3n se utiliza \u00fanicamente con fines estad\u00edsticos y de mejora del sitio web. Google puede utilizar la informaci\u00f3n recopilada conforme a su propia pol\u00edtica de privacidad. M\u00e1s informaci\u00f3n:https:\/\/policies.google.com\/privacy Base jur\u00eddica La utilizaci\u00f3n de cookies anal\u00edticas se basa en el consentimiento del usuario, otorgado a trav\u00e9s del banner de cookies al acceder al sitio web. Gesti\u00f3n de cookies El usuario puede aceptar, rechazar o configurar el uso de cookies a trav\u00e9s del panel de configuraci\u00f3n habilitado al acceder al sitio web. Asimismo, puede retirar su consentimiento en cualquier momento modificando la configuraci\u00f3n del panel de cookies o a trav\u00e9s de la configuraci\u00f3n de su navegador.<\/p>","protected":false},"author":1,"featured_media":0,"parent":0,"menu_order":0,"comment_status":"closed","ping_status":"closed","template":"","meta":{"footnotes":""},"class_list":["post-2822","page","type-page","status-publish","hentry"],"yoast_head":"<!-- This site is optimized with the Yoast SEO plugin v27.2 - https:\/\/yoast.com\/product\/yoast-seo-wordpress\/ -->\n<title>Pol\u00edtica de Cookies - VORACYS | Empresa Constructora | Obra P\u00fablica y Privada<\/title>\n<meta name=\"description\" content=\"Pol\u00edtica de cookies de Voracys: informaci\u00f3n sobre el uso de cookies, tipos y c\u00f3mo configurarlas o desactivarlas en tu navegador.\" \/>\n<meta name=\"robots\" content=\"index, follow, max-snippet:-1, max-image-preview:large, max-video-preview:-1\" \/>\n<link rel=\"canonical\" href=\"https:\/\/www.voracys.com\/en\/politica-de-cookies\/\" \/>\n<meta property=\"og:locale\" content=\"en_GB\" \/>\n<meta property=\"og:type\" content=\"article\" \/>\n<meta property=\"og:title\" content=\"Pol\u00edtica de Cookies - VORACYS | Empresa Constructora | Obra P\u00fablica y Privada\" \/>\n<meta property=\"og:description\" content=\"Pol\u00edtica de cookies de Voracys: informaci\u00f3n sobre el uso de cookies, tipos y c\u00f3mo configurarlas o desactivarlas en tu navegador.\" \/>\n<meta property=\"og:url\" content=\"https:\/\/www.voracys.com\/en\/politica-de-cookies\/\" \/>\n<meta property=\"og:site_name\" content=\"VORACYS | Empresa Constructora | Obra P\u00fablica y Privada\" \/>\n<meta property=\"article:modified_time\" content=\"2026-04-07T11:07:47+00:00\" \/>\n<meta name=\"twitter:card\" content=\"summary_large_image\" \/>\n<meta name=\"twitter:label1\" content=\"Estimated reading time\" \/>\n\t<meta name=\"twitter:data1\" content=\"2 minutes\" \/>\n<script type=\"application\/ld+json\" class=\"yoast-schema-graph\">{\"@context\":\"https:\/\/schema.org\",\"@graph\":[{\"@type\":\"WebPage\",\"@id\":\"https:\/\/www.voracys.com\/politica-de-cookies\/\",\"url\":\"https:\/\/www.voracys.com\/politica-de-cookies\/\",\"name\":\"Pol\u00edtica de Cookies - VORACYS | Empresa Constructora | Obra P\u00fablica y Privada\",\"isPartOf\":{\"@id\":\"https:\/\/www.voracys.com\/#website\"},\"datePublished\":\"2022-09-07T15:29:34+00:00\",\"dateModified\":\"2026-04-07T11:07:47+00:00\",\"description\":\"Pol\u00edtica de cookies de Voracys: informaci\u00f3n sobre el uso de cookies, tipos y c\u00f3mo configurarlas o desactivarlas en tu navegador.\",\"breadcrumb\":{\"@id\":\"https:\/\/www.voracys.com\/politica-de-cookies\/#breadcrumb\"},\"inLanguage\":\"en-GB\",\"potentialAction\":[{\"@type\":\"ReadAction\",\"target\":[\"https:\/\/www.voracys.com\/politica-de-cookies\/\"]}]},{\"@type\":\"BreadcrumbList\",\"@id\":\"https:\/\/www.voracys.com\/politica-de-cookies\/#breadcrumb\",\"itemListElement\":[{\"@type\":\"ListItem\",\"position\":1,\"name\":\"Portada\",\"item\":\"https:\/\/www.voracys.com\/\"},{\"@type\":\"ListItem\",\"position\":2,\"name\":\"Pol\u00edtica de Cookies\"}]},{\"@type\":\"WebSite\",\"@id\":\"https:\/\/www.voracys.com\/#website\",\"url\":\"https:\/\/www.voracys.com\/\",\"name\":\"VORACYS | Empresa Constructora | Obra P\u00fablica y Privada\",\"description\":\"Construcciones y servicios\",\"publisher\":{\"@id\":\"https:\/\/www.voracys.com\/#organization\"},\"alternateName\":\"VORACYS - Empresa Constructora\",\"potentialAction\":[{\"@type\":\"SearchAction\",\"target\":{\"@type\":\"EntryPoint\",\"urlTemplate\":\"https:\/\/www.voracys.com\/?s={search_term_string}\"},\"query-input\":{\"@type\":\"PropertyValueSpecification\",\"valueRequired\":true,\"valueName\":\"search_term_string\"}}],\"inLanguage\":\"en-GB\"},{\"@type\":\"Organization\",\"@id\":\"https:\/\/www.voracys.com\/#organization\",\"name\":\"VORACYS - Empresa Constructora\",\"alternateName\":\"VORACYS - Empresa de Construcci\u00f3n de Viviendas, Residencias, Oficinas, Plurifamiliar,\",\"url\":\"https:\/\/www.voracys.com\/\",\"logo\":{\"@type\":\"ImageObject\",\"inLanguage\":\"en-GB\",\"@id\":\"https:\/\/www.voracys.com\/#\/schema\/logo\/image\/\",\"url\":\"https:\/\/www.voracys.com\/wp-content\/uploads\/2022\/05\/Voracys_Logotipo.png\",\"contentUrl\":\"https:\/\/www.voracys.com\/wp-content\/uploads\/2022\/05\/Voracys_Logotipo.png\",\"width\":547,\"height\":97,\"caption\":\"VORACYS - Empresa Constructora\"},\"image\":{\"@id\":\"https:\/\/www.voracys.com\/#\/schema\/logo\/image\/\"},\"sameAs\":[\"https:\/\/www.linkedin.com\/company\/voracys-construcciones-y-servicios\/\",\"https:\/\/www.instagram.com\/voracys_s.l\"]}]}<\/script>\n<!-- \/ Yoast SEO plugin. -->","yoast_head_json":{"title":"Pol\u00edtica de Cookies - VORACYS | Empresa Constructora | Obra P\u00fablica y Privada","description":"Pol\u00edtica de cookies de Voracys: informaci\u00f3n sobre el uso de cookies, tipos y c\u00f3mo configurarlas o desactivarlas en tu navegador.","robots":{"index":"index","follow":"follow","max-snippet":"max-snippet:-1","max-image-preview":"max-image-preview:large","max-video-preview":"max-video-preview:-1"},"canonical":"https:\/\/www.voracys.com\/en\/politica-de-cookies\/","og_locale":"en_GB","og_type":"article","og_title":"Pol\u00edtica de Cookies - VORACYS | Empresa Constructora | Obra P\u00fablica y Privada","og_description":"Pol\u00edtica de cookies de Voracys: informaci\u00f3n sobre el uso de cookies, tipos y c\u00f3mo configurarlas o desactivarlas en tu navegador.","og_url":"https:\/\/www.voracys.com\/en\/politica-de-cookies\/","og_site_name":"VORACYS | Empresa Constructora | Obra P\u00fablica y Privada","article_modified_time":"2026-04-07T11:07:47+00:00","twitter_card":"summary_large_image","twitter_misc":{"Estimated reading time":"2 minutes"},"schema":{"@context":"https:\/\/schema.org","@graph":[{"@type":"WebPage","@id":"https:\/\/www.voracys.com\/politica-de-cookies\/","url":"https:\/\/www.voracys.com\/politica-de-cookies\/","name":"Pol\u00edtica de Cookies - VORACYS | Empresa Constructora | Obra P\u00fablica y Privada","isPartOf":{"@id":"https:\/\/www.voracys.com\/#website"},"datePublished":"2022-09-07T15:29:34+00:00","dateModified":"2026-04-07T11:07:47+00:00","description":"Pol\u00edtica de cookies de Voracys: informaci\u00f3n sobre el uso de cookies, tipos y c\u00f3mo configurarlas o desactivarlas en tu navegador.","breadcrumb":{"@id":"https:\/\/www.voracys.com\/politica-de-cookies\/#breadcrumb"},"inLanguage":"en-GB","potentialAction":[{"@type":"ReadAction","target":["https:\/\/www.voracys.com\/politica-de-cookies\/"]}]},{"@type":"BreadcrumbList","@id":"https:\/\/www.voracys.com\/politica-de-cookies\/#breadcrumb","itemListElement":[{"@type":"ListItem","position":1,"name":"Portada","item":"https:\/\/www.voracys.com\/"},{"@type":"ListItem","position":2,"name":"Pol\u00edtica de Cookies"}]},{"@type":"WebSite","@id":"https:\/\/www.voracys.com\/#website","url":"https:\/\/www.voracys.com\/","name":"VORACYS | Empresa Constructora | Obra P\u00fablica y Privada","description":"Construcciones y servicios","publisher":{"@id":"https:\/\/www.voracys.com\/#organization"},"alternateName":"VORACYS - Empresa Constructora","potentialAction":[{"@type":"SearchAction","target":{"@type":"EntryPoint","urlTemplate":"https:\/\/www.voracys.com\/?s={search_term_string}"},"query-input":{"@type":"PropertyValueSpecification","valueRequired":true,"valueName":"search_term_string"}}],"inLanguage":"en-GB"},{"@type":"Organization","@id":"https:\/\/www.voracys.com\/#organization","name":"VORACYS - Empresa Constructora","alternateName":"VORACYS - Empresa de Construcci\u00f3n de Viviendas, Residencias, Oficinas, Plurifamiliar,","url":"https:\/\/www.voracys.com\/","logo":{"@type":"ImageObject","inLanguage":"en-GB","@id":"https:\/\/www.voracys.com\/#\/schema\/logo\/image\/","url":"https:\/\/www.voracys.com\/wp-content\/uploads\/2022\/05\/Voracys_Logotipo.png","contentUrl":"https:\/\/www.voracys.com\/wp-content\/uploads\/2022\/05\/Voracys_Logotipo.png","width":547,"height":97,"caption":"VORACYS - Empresa Constructora"},"image":{"@id":"https:\/\/www.voracys.com\/#\/schema\/logo\/image\/"},"sameAs":["https:\/\/www.linkedin.com\/company\/voracys-construcciones-y-servicios\/","https:\/\/www.instagram.com\/voracys_s.l"]}]}},"_links":{"self":[{"href":"https:\/\/www.voracys.com\/en\/wp-json\/wp\/v2\/pages\/2822","targetHints":{"allow":["GET"]}}],"collection":[{"href":"https:\/\/www.voracys.com\/en\/wp-json\/wp\/v2\/pages"}],"about":[{"href":"https:\/\/www.voracys.com\/en\/wp-json\/wp\/v2\/types\/page"}],"author":[{"embeddable":true,"href":"https:\/\/www.voracys.com\/en\/wp-json\/wp\/v2\/users\/1"}],"replies":[{"embeddable":true,"href":"https:\/\/www.voracys.com\/en\/wp-json\/wp\/v2\/comments?post=2822"}],"version-history":[{"count":3,"href":"https:\/\/www.voracys.com\/en\/wp-json\/wp\/v2\/pages\/2822\/revisions"}],"predecessor-version":[{"id":5140,"href":"https:\/\/www.voracys.com\/en\/wp-json\/wp\/v2\/pages\/2822\/revisions\/5140"}],"wp:attachment":[{"href":"https:\/\/www.voracys.com\/en\/wp-json\/wp\/v2\/media?parent=2822"}],"curies":[{"name":"wp","href":"https:\/\/api.w.org\/{rel}","templated":true}]}}